{"id":436,"date":"2025-09-23T19:37:41","date_gmt":"2025-09-23T19:37:41","guid":{"rendered":"https:\/\/marcomata.com\/?page_id=436"},"modified":"2025-10-20T23:58:21","modified_gmt":"2025-10-20T23:58:21","slug":"our-story","status":"publish","type":"page","link":"https:\/\/marcomata.com\/es\/our-story","title":{"rendered":"Nuestra Historia"},"content":{"rendered":"<div data-elementor-type=\"wp-page\" data-elementor-id=\"436\" class=\"elementor elementor-436\" data-elementor-post-type=\"page\">\n\t\t\t\t<div class=\"elementor-element elementor-element-d8e28b7 e-flex e-con-boxed e-con e-parent\" data-id=\"d8e28b7\" data-element_type=\"container\" data-e-type=\"container\">\n\t\t\t\t\t<div class=\"e-con-inner\">\n\t\t<div class=\"elementor-element elementor-element-eab0397 e-con-full e-flex e-con e-child\" data-id=\"eab0397\" data-element_type=\"container\" data-e-type=\"container\">\n\t\t\t\t<div class=\"elementor-element elementor-element-0c1babe elementor-widget elementor-widget-heading\" data-id=\"0c1babe\" data-element_type=\"widget\" data-e-type=\"widget\" data-widget_type=\"heading.default\">\n\t\t\t\t\t<h2 class=\"elementor-heading-title elementor-size-default\">I 'm Marco Mata<\/h2>\t\t\t\t<\/div>\n\t\t\t\t<div class=\"elementor-element elementor-element-1232f08 elementor-widget elementor-widget-text-editor\" data-id=\"1232f08\" data-element_type=\"widget\" data-e-type=\"widget\" data-widget_type=\"text-editor.default\">\n\t\t\t\t\t\t\t\t\t<p style=\"font-weight: 400;\">I\u2019m <strong>Soy Marco Mata<\/strong>, a <strong>agente inmobiliario certificado por AMPI en Puerto Vallarta para Tropicasa Realty<\/strong> y <strong>abogado mexicano con licencia.<\/strong>Durante m\u00e1s, <strong>de 10 a\u00f1os,<\/strong>he estado ayudando a clientes de todo el mundo a encontrar no solo una propiedad, sino tambi\u00e9n unsentido de pertenencia en <strong>Puerto Vallarta y la Bah\u00eda de Banderas.<\/strong>.<\/p><p style=\"font-weight: 400;\">Nac\u00ed en <strong>La Ribera, Jalisco<\/strong>un peque\u00f1o pueblo a dos horas al este de Guadalajara con menos de 9,000 habitantes. Crecer all\u00ed me ense\u00f1\u00f3 el valor del trabajo duro, la perseverancia y la comunidad, lecciones que contin\u00faan moldeando la forma en que trabajo con mis clientes hoy en d\u00eda.<br \/>Despu\u00e9s de terminar la preparatoria en <strong>Los \u00c1ngeles, California,<\/strong>me mud\u00e9 a <strong>Puerto Vallarta,<\/strong>y desde el primer d\u00eda, algo hizo clic. El oc\u00e9ano, la luz, el ritmo de la ciudad, se sinti\u00f3 como regresar a un lugar que de alguna manera ya conoc\u00eda.<\/p><p style=\"font-weight: 400;\">A lo largo de los a\u00f1os, me he especializado en <strong>propiedades de inversi\u00f3n, casas de lujo, residencias frente al mar y desarrollos de preconstrucci\u00f3n.<\/strong>Mi formaci\u00f3n como abogado me permite aportar una capa m\u00e1s profunda de <strong>confianza y seguridad legal<\/strong> a cada transacci\u00f3n, guiando a mis clientes a trav\u00e9s de fideicomisos, contratos y cierres con transparencia y atenci\u00f3n.<\/p><p style=\"font-weight: 400;\">Me desenvuelvo con fluidez en <strong>ingl\u00e9s y espa\u00f1ol,<\/strong>y mi enfoque se basa en <strong>la escucha atenta, la orientaci\u00f3n personalizada y la integridad.<\/strong>El camino de cada cliente es diferente, y mi prioridad es comprender sus necesidades, proteger sus intereses y ofrecer soluciones a medida.<\/p><p style=\"font-weight: 400;\">Fuera del \u00e1mbito inmobiliario, me suelen encontrar conectado con la naturaleza, ya sea <strong>caminando por los senderos costeros, practicando ciclismo de monta\u00f1a o simplemente reflexionando sobre la vida y el esp\u00edritu.<\/strong>Puerto Vallarta no es solo donde vivo; es donde prospero, una comunidad que constantemente me recuerda por qu\u00e9 encontrar el hogar adecuado es tan importante.<\/p><p style=\"font-weight: 400;\"><strong>Encontremos su propiedad de inversi\u00f3n en Puerto Vallarta.<\/strong><br \/><em>Gui\u00e1ndole a trav\u00e9s del sector inmobiliario de Puerto Vallarta con experiencia, honestidad y coraz\u00f3n.<\/em><\/p>\t\t\t\t\t\t\t\t<\/div>\n\t\t\t\t<\/div>\n\t\t<div class=\"elementor-element elementor-element-6bd7b4b e-con-full e-flex e-con e-child\" data-id=\"6bd7b4b\" data-element_type=\"container\" data-e-type=\"container\">\n\t\t\t\t<\/div>\n\t\t\t\t\t<\/div>\n\t\t\t\t<\/div>\n\t\t\t\t<\/div>","protected":false},"excerpt":{"rendered":"<p>I &#8216;m Marco Mata I\u2019m Marco Mata, a Puerto Vallarta AMPI-Certified Real Estate Agent at Tropicasa Realty and a Licensed Mexican Lawyer. For more than 10 years, I\u2019ve been helping clients from around the world find not only a property \u2014 but a sense of belonging \u2014 in Puerto Vallarta and the Bay of Banderas. [&hellip;]<\/p>\n","protected":false},"author":1,"featured_media":0,"parent":0,"menu_order":0,"comment_status":"closed","ping_status":"closed","template":"","meta":{"footnotes":""},"class_list":["post-436","page","type-page","status-publish","hentry"],"_links":{"self":[{"href":"https:\/\/marcomata.com\/es\/wp-json\/wp\/v2\/pages\/436","targetHints":{"allow":["GET"]}}],"collection":[{"href":"https:\/\/marcomata.com\/es\/wp-json\/wp\/v2\/pages"}],"about":[{"href":"https:\/\/marcomata.com\/es\/wp-json\/wp\/v2\/types\/page"}],"author":[{"embeddable":true,"href":"https:\/\/marcomata.com\/es\/wp-json\/wp\/v2\/users\/1"}],"replies":[{"embeddable":true,"href":"https:\/\/marcomata.com\/es\/wp-json\/wp\/v2\/comments?post=436"}],"version-history":[{"count":13,"href":"https:\/\/marcomata.com\/es\/wp-json\/wp\/v2\/pages\/436\/revisions"}],"predecessor-version":[{"id":1600,"href":"https:\/\/marcomata.com\/es\/wp-json\/wp\/v2\/pages\/436\/revisions\/1600"}],"wp:attachment":[{"href":"https:\/\/marcomata.com\/es\/wp-json\/wp\/v2\/media?parent=436"}],"curies":[{"name":"wp","href":"https:\/\/api.w.org\/{rel}","templated":true}]}}